{"id":12483,"date":"2025-07-01T09:27:17","date_gmt":"2025-07-01T12:27:17","guid":{"rendered":"https:\/\/fullatacados.com.br\/index.php\/produto\/oleo-10w-30-5100-motul-sintetic-1lt\/"},"modified":"2026-05-02T12:20:07","modified_gmt":"2026-05-02T15:20:07","slug":"oleo-10w-30-5100-motul-sintetic-1lt","status":"publish","type":"product","link":"https:\/\/fullatacados.com.br\/index.php\/produto\/oleo-10w-30-5100-motul-sintetic-1lt\/","title":{"rendered":"OLEO 10W\/30 5100 MOTUL SINTETIC 1LT"},"content":{"rendered":"<p><span class=\"relative -mx-px my-[-0.2rem] rounded px-px py-[0.2rem] transition-colors duration-100 ease-in-out\">O Motul 5100 4T SAE\u202f10W\u201130 \u00e9 um \u00f3leo <strong data-start=\"37\" data-end=\"92\">semi\u2011sint\u00e9tico Technosynthese\u00ae com tecnologia Ester<\/strong>, desenvolvido para motos 4 tempos (street, trail, off\u2011road), incluindo motores com embreagem \u00famida. Atende \u00e0s normas <strong data-start=\"210\" data-end=\"223\">API\u202fSP\/SL<\/strong> e <strong data-start=\"226\" data-end=\"238\">JASO\u202fMA2<\/strong>, proporcionando excelente resist\u00eancia t\u00e9rmica, prote\u00e7\u00e3o contra desgaste e \u00f3timo desempenho na partida a frio. Recomendado para motos Honda e Yamaha que exigem viscosidade 10W\u201130 e uso di\u00e1rio com resist\u00eancia confi\u00e1vel mesmo em condi\u00e7\u00f5es severas<\/span><\/p>\n","protected":false},"excerpt":{"rendered":"<p data-start=\"256\" data-end=\"407\">\u00d3leo semi\u2011sint\u00e9tico Motul 5100 10W\u201130 p\/ motos 4T \u2014 prote\u00e7\u00e3o aprimorada do motor e embreagem, com tecnologia ester e desempenho confi\u00e1vel no dia\u2011a\u2011dia.<\/p>\n","protected":false},"featured_media":13187,"comment_status":"closed","ping_status":"closed","template":"","meta":{"_joinchat":[]},"product_brand":[215],"product_cat":[482,26],"product_tag":[],"class_list":{"0":"post-12483","1":"product","2":"type-product","3":"status-publish","4":"has-post-thumbnail","6":"product_brand-motul","7":"product_cat-moto-pecas","8":"product_cat-oleo","9":"product_shipping_class-envionormal","11":"first","12":"instock","13":"purchasable","14":"product-type-simple"},"_links":{"self":[{"href":"https:\/\/fullatacados.com.br\/index.php\/wp-json\/wp\/v2\/product\/12483","targetHints":{"allow":["GET"]}}],"collection":[{"href":"https:\/\/fullatacados.com.br\/index.php\/wp-json\/wp\/v2\/product"}],"about":[{"href":"https:\/\/fullatacados.com.br\/index.php\/wp-json\/wp\/v2\/types\/product"}],"replies":[{"embeddable":true,"href":"https:\/\/fullatacados.com.br\/index.php\/wp-json\/wp\/v2\/comments?post=12483"}],"wp:featuredmedia":[{"embeddable":true,"href":"https:\/\/fullatacados.com.br\/index.php\/wp-json\/wp\/v2\/media\/13187"}],"wp:attachment":[{"href":"https:\/\/fullatacados.com.br\/index.php\/wp-json\/wp\/v2\/media?parent=12483"}],"wp:term":[{"taxonomy":"product_brand","embeddable":true,"href":"https:\/\/fullatacados.com.br\/index.php\/wp-json\/wp\/v2\/product_brand?post=12483"},{"taxonomy":"product_cat","embeddable":true,"href":"https:\/\/fullatacados.com.br\/index.php\/wp-json\/wp\/v2\/product_cat?post=12483"},{"taxonomy":"product_tag","embeddable":true,"href":"https:\/\/fullatacados.com.br\/index.php\/wp-json\/wp\/v2\/product_tag?post=12483"}],"curies":[{"name":"wp","href":"https:\/\/api.w.org\/{rel}","templated":true}]}}