{"id":12482,"date":"2025-07-01T09:27:17","date_gmt":"2025-07-01T12:27:17","guid":{"rendered":"https:\/\/fullatacados.com.br\/index.php\/produto\/oleo-10w-40-5000-motul-1lt\/"},"modified":"2026-05-02T11:50:07","modified_gmt":"2026-05-02T14:50:07","slug":"oleo-10w-40-5000-motul-1lt","status":"publish","type":"product","link":"https:\/\/fullatacados.com.br\/index.php\/produto\/oleo-10w-40-5000-motul-1lt\/","title":{"rendered":"OLEO 10W\/40 5000 MOTUL 1LT"},"content":{"rendered":"<p><span class=\"relative -mx-px my-[-0.2rem] rounded px-px py-[0.2rem] transition-colors duration-100 ease-in-out\">O Motul 5000+ 4T 10W\u201140 \u00e9 um \u00f3leo <strong data-start=\"34\" data-end=\"63\">semissint\u00e9tico (HC\u2011TECH\u00ae)<\/strong> para motocicletas 4 tempos, recomendado para motores com c\u00e2mbio integrado, embreagem \u00famida ou seca e sistemas com catalisador. Atende aos padr\u00f5es <strong data-start=\"210\" data-end=\"229\">API\u202fSL\/SJ\/SH\/SG<\/strong> e <strong data-start=\"232\" data-end=\"244\">JASO\u202fMA2<\/strong>, garantindo desempenho ideal desde partidas a frio at\u00e9 altas temperaturas, al\u00e9m de excelente prote\u00e7\u00e3o contra desgaste e oxida\u00e7\u00e3o e compatibilidade com catalisadores gra\u00e7as ao teor equilibrado de f\u00f3sforo e enxofre (&lt; 1200 ppm)<\/span><\/p>\n","protected":false},"excerpt":{"rendered":"<p data-start=\"256\" data-end=\"418\">\u00d3leo semissint\u00e9tico Motul 5000+ 10W\u201140 para motos 4T \u2014 prote\u00e7\u00e3o refor\u00e7ada ao motor, c\u00e2mbio e embreagem, com alta estabilidade t\u00e9rmica e compat\u00edvel com uso severo.<\/p>\n","protected":false},"featured_media":13186,"comment_status":"closed","ping_status":"closed","template":"","meta":{"_joinchat":[]},"product_brand":[215],"product_cat":[482,26],"product_tag":[],"class_list":{"0":"post-12482","1":"product","2":"type-product","3":"status-publish","4":"has-post-thumbnail","6":"product_brand-motul","7":"product_cat-moto-pecas","8":"product_cat-oleo","9":"product_shipping_class-envionormal","11":"first","12":"instock","13":"purchasable","14":"product-type-simple"},"_links":{"self":[{"href":"https:\/\/fullatacados.com.br\/index.php\/wp-json\/wp\/v2\/product\/12482","targetHints":{"allow":["GET"]}}],"collection":[{"href":"https:\/\/fullatacados.com.br\/index.php\/wp-json\/wp\/v2\/product"}],"about":[{"href":"https:\/\/fullatacados.com.br\/index.php\/wp-json\/wp\/v2\/types\/product"}],"replies":[{"embeddable":true,"href":"https:\/\/fullatacados.com.br\/index.php\/wp-json\/wp\/v2\/comments?post=12482"}],"wp:featuredmedia":[{"embeddable":true,"href":"https:\/\/fullatacados.com.br\/index.php\/wp-json\/wp\/v2\/media\/13186"}],"wp:attachment":[{"href":"https:\/\/fullatacados.com.br\/index.php\/wp-json\/wp\/v2\/media?parent=12482"}],"wp:term":[{"taxonomy":"product_brand","embeddable":true,"href":"https:\/\/fullatacados.com.br\/index.php\/wp-json\/wp\/v2\/product_brand?post=12482"},{"taxonomy":"product_cat","embeddable":true,"href":"https:\/\/fullatacados.com.br\/index.php\/wp-json\/wp\/v2\/product_cat?post=12482"},{"taxonomy":"product_tag","embeddable":true,"href":"https:\/\/fullatacados.com.br\/index.php\/wp-json\/wp\/v2\/product_tag?post=12482"}],"curies":[{"name":"wp","href":"https:\/\/api.w.org\/{rel}","templated":true}]}}