{"id":12480,"date":"2025-07-01T09:27:17","date_gmt":"2025-07-01T12:27:17","guid":{"rendered":"https:\/\/fullatacados.com.br\/index.php\/produto\/oleo-20w-50-3000-motul-mineiral-1lt\/"},"modified":"2026-05-02T12:35:06","modified_gmt":"2026-05-02T15:35:06","slug":"oleo-20w-50-3000-motul-mineiral-1lt","status":"publish","type":"product","link":"https:\/\/fullatacados.com.br\/index.php\/produto\/oleo-20w-50-3000-motul-mineiral-1lt\/","title":{"rendered":"OLEO 20W\/50 3000 MOTUL MINEIRAL 1LT"},"content":{"rendered":"<p><span class=\"relative -mx-px my-[-0.2rem] rounded px-px py-[0.2rem] transition-colors duration-100 ease-in-out\">O Motul 3000+ 4T 20W\u201150 \u00e9 um <strong data-start=\"29\" data-end=\"53\">\u00f3leo mineral premium<\/strong> formulado para motos 4 tempos, incluindo street, trail, custom e off\u2011road. Cont\u00e9m aditivos de Alta Press\u00e3o (EP), detergentes e dispersantes que garantem limpeza interna, prote\u00e7\u00e3o contra oxida\u00e7\u00e3o e desgaste do motor e c\u00e2mbio. Atende \u00e0s normas <strong data-start=\"296\" data-end=\"306\">API\u202fSL<\/strong> e <strong data-start=\"309\" data-end=\"321\">JASO\u202fMA2<\/strong>, al\u00e9m de compatibilidade com embreagem \u00famida e catalisadores, ideal para uso severo e altas temperaturas<\/span><\/p>\n","protected":false},"excerpt":{"rendered":"<p data-start=\"264\" data-end=\"414\">\u00d3leo mineral Motul 3000+ 20W\u201150 para motos 4T \u2014 oferece prote\u00e7\u00e3o refor\u00e7ada ao motor e c\u00e2mbio, limpeza interna e estabilidade t\u00e9rmica para uso intenso.<\/p>\n","protected":false},"featured_media":13183,"comment_status":"closed","ping_status":"closed","template":"","meta":{"_joinchat":[]},"product_brand":[215],"product_cat":[482,26],"product_tag":[],"class_list":{"0":"post-12480","1":"product","2":"type-product","3":"status-publish","4":"has-post-thumbnail","6":"product_brand-motul","7":"product_cat-moto-pecas","8":"product_cat-oleo","9":"product_shipping_class-envionormal","11":"first","12":"instock","13":"purchasable","14":"product-type-simple"},"_links":{"self":[{"href":"https:\/\/fullatacados.com.br\/index.php\/wp-json\/wp\/v2\/product\/12480","targetHints":{"allow":["GET"]}}],"collection":[{"href":"https:\/\/fullatacados.com.br\/index.php\/wp-json\/wp\/v2\/product"}],"about":[{"href":"https:\/\/fullatacados.com.br\/index.php\/wp-json\/wp\/v2\/types\/product"}],"replies":[{"embeddable":true,"href":"https:\/\/fullatacados.com.br\/index.php\/wp-json\/wp\/v2\/comments?post=12480"}],"wp:featuredmedia":[{"embeddable":true,"href":"https:\/\/fullatacados.com.br\/index.php\/wp-json\/wp\/v2\/media\/13183"}],"wp:attachment":[{"href":"https:\/\/fullatacados.com.br\/index.php\/wp-json\/wp\/v2\/media?parent=12480"}],"wp:term":[{"taxonomy":"product_brand","embeddable":true,"href":"https:\/\/fullatacados.com.br\/index.php\/wp-json\/wp\/v2\/product_brand?post=12480"},{"taxonomy":"product_cat","embeddable":true,"href":"https:\/\/fullatacados.com.br\/index.php\/wp-json\/wp\/v2\/product_cat?post=12480"},{"taxonomy":"product_tag","embeddable":true,"href":"https:\/\/fullatacados.com.br\/index.php\/wp-json\/wp\/v2\/product_tag?post=12480"}],"curies":[{"name":"wp","href":"https:\/\/api.w.org\/{rel}","templated":true}]}}