{"id":12479,"date":"2025-07-01T09:27:17","date_gmt":"2025-07-01T12:27:17","guid":{"rendered":"https:\/\/fullatacados.com.br\/index.php\/produto\/oleo-2tps-incol-200ml\/"},"modified":"2026-04-25T08:45:07","modified_gmt":"2026-04-25T11:45:07","slug":"oleo-2tps-incol-200ml","status":"publish","type":"product","link":"https:\/\/fullatacados.com.br\/index.php\/produto\/oleo-2tps-incol-200ml\/","title":{"rendered":"OLEO 2 TEMPOS INCOL 500ML"},"content":{"rendered":"<p><span class=\"relative -mx-px my-[-0.2rem] rounded px-px py-[0.2rem] transition-colors duration-100 ease-in-out\">O \u00d3leo Incol 2 Tempos \u00e9 um lubrificante <strong data-start=\"40\" data-end=\"58\">mineral SAE\u202f30<\/strong>, desenvolvido especialmente para motores de combust\u00e3o interna de duas tempos a gasolina (como motos, ro\u00e7adeiras e motosserras). Atende \u00e0s especifica\u00e7\u00f5es <strong data-start=\"212\" data-end=\"222\">API\u202fTC<\/strong> e <strong data-start=\"225\" data-end=\"236\">JASO\u202fFC<\/strong>, com registro ANP 8695. A embalagem de 200\u202fml \u00e9 pr\u00e1tica para dosagem e transporte, garantindo prote\u00e7\u00e3o eficaz contra desgaste, preven\u00e7\u00e3o de dep\u00f3sitos e lubrifica\u00e7\u00e3o ideal mesmo em uso severo. Sengindo normas brasileiras, atende ao padr\u00e3o t\u00e9cnico exigido.<\/span><\/p>\n","protected":false},"excerpt":{"rendered":"<p data-start=\"277\" data-end=\"409\">\u00d3leo mineral Incol SAE\u202f30 para motores 2\u202ft, compat\u00edvel API\u202fTC\/JASO\u202fFC\u2014prote\u00e7\u00e3o eficaz, sem res\u00edduos, em embalagem pr\u00e1tica de 200\u202fml.<\/p>\n","protected":false},"featured_media":13182,"comment_status":"closed","ping_status":"closed","template":"","meta":{"_joinchat":[]},"product_brand":[344],"product_cat":[482,26],"product_tag":[],"class_list":{"0":"post-12479","1":"product","2":"type-product","3":"status-publish","4":"has-post-thumbnail","6":"product_brand-incol","7":"product_cat-moto-pecas","8":"product_cat-oleo","9":"product_shipping_class-envionormal","11":"first","12":"instock","13":"purchasable","14":"product-type-simple"},"_links":{"self":[{"href":"https:\/\/fullatacados.com.br\/index.php\/wp-json\/wp\/v2\/product\/12479","targetHints":{"allow":["GET"]}}],"collection":[{"href":"https:\/\/fullatacados.com.br\/index.php\/wp-json\/wp\/v2\/product"}],"about":[{"href":"https:\/\/fullatacados.com.br\/index.php\/wp-json\/wp\/v2\/types\/product"}],"replies":[{"embeddable":true,"href":"https:\/\/fullatacados.com.br\/index.php\/wp-json\/wp\/v2\/comments?post=12479"}],"wp:featuredmedia":[{"embeddable":true,"href":"https:\/\/fullatacados.com.br\/index.php\/wp-json\/wp\/v2\/media\/13182"}],"wp:attachment":[{"href":"https:\/\/fullatacados.com.br\/index.php\/wp-json\/wp\/v2\/media?parent=12479"}],"wp:term":[{"taxonomy":"product_brand","embeddable":true,"href":"https:\/\/fullatacados.com.br\/index.php\/wp-json\/wp\/v2\/product_brand?post=12479"},{"taxonomy":"product_cat","embeddable":true,"href":"https:\/\/fullatacados.com.br\/index.php\/wp-json\/wp\/v2\/product_cat?post=12479"},{"taxonomy":"product_tag","embeddable":true,"href":"https:\/\/fullatacados.com.br\/index.php\/wp-json\/wp\/v2\/product_tag?post=12479"}],"curies":[{"name":"wp","href":"https:\/\/api.w.org\/{rel}","templated":true}]}}