{"id":12472,"date":"2025-07-01T09:27:11","date_gmt":"2025-07-01T12:27:11","guid":{"rendered":"https:\/\/fullatacados.com.br\/index.php\/produto\/kit-reparo-capacete-san-marino\/"},"modified":"2026-04-28T08:15:08","modified_gmt":"2026-04-28T11:15:08","slug":"kit-reparo-capacete-san-marino","status":"publish","type":"product","link":"https:\/\/fullatacados.com.br\/index.php\/produto\/kit-reparo-capacete-san-marino\/","title":{"rendered":"KIT REPARO CAPACETE SAN MARINO"},"content":{"rendered":"<p>O Kit Reparo Motovisor para capacete San\u202fMarino \u00e9 um conjunto completo com cerca de 11 pe\u00e7as, incluindo bot\u00e3o, arruelas, molas e suporte da pala, especialmente projetado para viseira e pala do capacete San\u202fMarino (modelos tipo Taurus 3.0 e similares). Ele permite reposi\u00e7\u00e3o r\u00e1pida e precisa das pe\u00e7as desgastadas, restaurando o funcionamento adequado da viseira, pala e mecanismos de ajuste, garantindo maior durabilidade e seguran\u00e7a ao piloto. Encontrado em lojas brasileiras especializadas como Motobr, Motos Coyote e Jornal Interativo .<\/p>\n","protected":false},"excerpt":{"rendered":"<p data-start=\"300\" data-end=\"452\">Kit completo Motovisor com pe\u00e7as de reposi\u00e7\u00e3o para ajuste eficaz da viseira e pala do capacete San\u202fMarino \u2014 instala\u00e7\u00e3o f\u00e1cil e melhora no funcionamento.<\/p>\n","protected":false},"featured_media":13171,"comment_status":"closed","ping_status":"closed","template":"","meta":{"_joinchat":[]},"product_brand":[336],"product_cat":[95,482],"product_tag":[],"class_list":{"0":"post-12472","1":"product","2":"type-product","3":"status-publish","4":"has-post-thumbnail","6":"product_brand-motovisor","7":"product_cat-kit","8":"product_cat-moto-pecas","9":"product_shipping_class-envionormal","11":"first","12":"instock","13":"purchasable","14":"product-type-simple"},"_links":{"self":[{"href":"https:\/\/fullatacados.com.br\/index.php\/wp-json\/wp\/v2\/product\/12472","targetHints":{"allow":["GET"]}}],"collection":[{"href":"https:\/\/fullatacados.com.br\/index.php\/wp-json\/wp\/v2\/product"}],"about":[{"href":"https:\/\/fullatacados.com.br\/index.php\/wp-json\/wp\/v2\/types\/product"}],"replies":[{"embeddable":true,"href":"https:\/\/fullatacados.com.br\/index.php\/wp-json\/wp\/v2\/comments?post=12472"}],"wp:featuredmedia":[{"embeddable":true,"href":"https:\/\/fullatacados.com.br\/index.php\/wp-json\/wp\/v2\/media\/13171"}],"wp:attachment":[{"href":"https:\/\/fullatacados.com.br\/index.php\/wp-json\/wp\/v2\/media?parent=12472"}],"wp:term":[{"taxonomy":"product_brand","embeddable":true,"href":"https:\/\/fullatacados.com.br\/index.php\/wp-json\/wp\/v2\/product_brand?post=12472"},{"taxonomy":"product_cat","embeddable":true,"href":"https:\/\/fullatacados.com.br\/index.php\/wp-json\/wp\/v2\/product_cat?post=12472"},{"taxonomy":"product_tag","embeddable":true,"href":"https:\/\/fullatacados.com.br\/index.php\/wp-json\/wp\/v2\/product_tag?post=12472"}],"curies":[{"name":"wp","href":"https:\/\/api.w.org\/{rel}","templated":true}]}}