{"id":12471,"date":"2025-07-01T09:27:11","date_gmt":"2025-07-01T12:27:11","guid":{"rendered":"https:\/\/fullatacados.com.br\/index.php\/produto\/kit-cilindro-ybr125\/"},"modified":"2026-04-30T11:15:07","modified_gmt":"2026-04-30T14:15:07","slug":"kit-cilindro-ybr125","status":"publish","type":"product","link":"https:\/\/fullatacados.com.br\/index.php\/produto\/kit-cilindro-ybr125\/","title":{"rendered":"KIT CILINDRO YBR125\/XTZ125"},"content":{"rendered":"<p><span class=\"relative -mx-px my-[-0.2rem] rounded px-px py-[0.2rem] transition-colors duration-100 ease-in-out\">O Kit Motor Metal\u202fLeve K\u20119114 (Mahle) \u00e9 um conjunto completo STD para motos de 125\u202fcc, desenvolvido para restaura\u00e7\u00e3o do motor das linhas Yamaha Factor, YBR 125 E e XTZ 125 (K\/E). Ele cont\u00e9m cilindro, pist\u00e3o, pino e jogo de an\u00e9is de segmento com acabamento e durabilidade equivalentes aos padr\u00f5es originais, reduzindo ru\u00eddos e vibra\u00e7\u00e3o, e promovendo recupera\u00e7\u00e3o de compress\u00e3o e melhora no consumo de \u00f3leo \u2014 ideal para instala\u00e7\u00e3o r\u00e1pida e eficaz nos modelos mencionados<\/span><\/p>\n","protected":false},"excerpt":{"rendered":"<p data-start=\"281\" data-end=\"439\">Conjunto Metal\u202fLeve STD completo p\/ motos 125\u202fcc da Yamaha (YBR\/Factor\/XTZ), com cilindro, pist\u00e3o, pino e an\u00e9is \u2014 performance de f\u00e1brica com montagem pr\u00e1tica.<\/p>\n","protected":false},"featured_media":13870,"comment_status":"closed","ping_status":"closed","template":"","meta":{"_joinchat":[]},"product_brand":[207],"product_cat":[95,482],"product_tag":[],"class_list":{"0":"post-12471","1":"product","2":"type-product","3":"status-publish","4":"has-post-thumbnail","6":"product_brand-metal-leve","7":"product_cat-kit","8":"product_cat-moto-pecas","9":"product_shipping_class-envionormal","11":"first","12":"instock","13":"purchasable","14":"product-type-simple"},"_links":{"self":[{"href":"https:\/\/fullatacados.com.br\/index.php\/wp-json\/wp\/v2\/product\/12471","targetHints":{"allow":["GET"]}}],"collection":[{"href":"https:\/\/fullatacados.com.br\/index.php\/wp-json\/wp\/v2\/product"}],"about":[{"href":"https:\/\/fullatacados.com.br\/index.php\/wp-json\/wp\/v2\/types\/product"}],"replies":[{"embeddable":true,"href":"https:\/\/fullatacados.com.br\/index.php\/wp-json\/wp\/v2\/comments?post=12471"}],"wp:featuredmedia":[{"embeddable":true,"href":"https:\/\/fullatacados.com.br\/index.php\/wp-json\/wp\/v2\/media\/13870"}],"wp:attachment":[{"href":"https:\/\/fullatacados.com.br\/index.php\/wp-json\/wp\/v2\/media?parent=12471"}],"wp:term":[{"taxonomy":"product_brand","embeddable":true,"href":"https:\/\/fullatacados.com.br\/index.php\/wp-json\/wp\/v2\/product_brand?post=12471"},{"taxonomy":"product_cat","embeddable":true,"href":"https:\/\/fullatacados.com.br\/index.php\/wp-json\/wp\/v2\/product_cat?post=12471"},{"taxonomy":"product_tag","embeddable":true,"href":"https:\/\/fullatacados.com.br\/index.php\/wp-json\/wp\/v2\/product_tag?post=12471"}],"curies":[{"name":"wp","href":"https:\/\/api.w.org\/{rel}","templated":true}]}}