{"id":12469,"date":"2025-07-01T09:27:11","date_gmt":"2025-07-01T12:27:11","guid":{"rendered":"https:\/\/fullatacados.com.br\/index.php\/produto\/kit-cilindro-tit00-08\/"},"modified":"2026-03-03T17:00:09","modified_gmt":"2026-03-03T20:00:09","slug":"kit-cilindro-tit00-08","status":"publish","type":"product","link":"https:\/\/fullatacados.com.br\/index.php\/produto\/kit-cilindro-tit00-08\/","title":{"rendered":"KIT CILINDRO TIT125 02\/08"},"content":{"rendered":"<p><span class=\"relative -mx-px my-[-0.2rem] rounded px-px py-[0.2rem] transition-colors duration-100 ease-in-out\">O Kit Motor Metal\u202fLeve K\u20119170, produzido em parceria com a Mahle, \u00e9 um conjunto completo STD ideal para revitalizar motores Honda CG 125 (Titan, Fan, Cargo) e NXR 125 Bros (ES\/KS) fabricados entre 2002 e 2008. Inclui cilindro, pist\u00e3o, pino, travas e an\u00e9is de segmento, com medida original e qualidade OEM. Restabelece compress\u00e3o, reduz consumo de \u00f3leo e barulho, garantindo desempenho confi\u00e1vel com montagem simples, sem necessidade de usinagem adicional.<\/span><\/p>\n","protected":false},"excerpt":{"rendered":"<p data-start=\"287\" data-end=\"444\">Kit completo Metal\u202fLeve STD para CG\/Titan\/Fan\/Cargo e Bros 125 (2002\u20132008): cilindro, pist\u00e3o, pino e an\u00e9is \u2014 performance restaurada com instala\u00e7\u00e3o pr\u00e1tica.<\/p>\n","protected":false},"featured_media":13167,"comment_status":"closed","ping_status":"closed","template":"","meta":{"_joinchat":[]},"product_brand":[207],"product_cat":[95,482],"product_tag":[],"class_list":{"0":"post-12469","1":"product","2":"type-product","3":"status-publish","4":"has-post-thumbnail","6":"product_brand-metal-leve","7":"product_cat-kit","8":"product_cat-moto-pecas","9":"product_shipping_class-envionormal","11":"first","12":"instock","13":"purchasable","14":"product-type-simple"},"_links":{"self":[{"href":"https:\/\/fullatacados.com.br\/index.php\/wp-json\/wp\/v2\/product\/12469","targetHints":{"allow":["GET"]}}],"collection":[{"href":"https:\/\/fullatacados.com.br\/index.php\/wp-json\/wp\/v2\/product"}],"about":[{"href":"https:\/\/fullatacados.com.br\/index.php\/wp-json\/wp\/v2\/types\/product"}],"replies":[{"embeddable":true,"href":"https:\/\/fullatacados.com.br\/index.php\/wp-json\/wp\/v2\/comments?post=12469"}],"wp:featuredmedia":[{"embeddable":true,"href":"https:\/\/fullatacados.com.br\/index.php\/wp-json\/wp\/v2\/media\/13167"}],"wp:attachment":[{"href":"https:\/\/fullatacados.com.br\/index.php\/wp-json\/wp\/v2\/media?parent=12469"}],"wp:term":[{"taxonomy":"product_brand","embeddable":true,"href":"https:\/\/fullatacados.com.br\/index.php\/wp-json\/wp\/v2\/product_brand?post=12469"},{"taxonomy":"product_cat","embeddable":true,"href":"https:\/\/fullatacados.com.br\/index.php\/wp-json\/wp\/v2\/product_cat?post=12469"},{"taxonomy":"product_tag","embeddable":true,"href":"https:\/\/fullatacados.com.br\/index.php\/wp-json\/wp\/v2\/product_tag?post=12469"}],"curies":[{"name":"wp","href":"https:\/\/api.w.org\/{rel}","templated":true}]}}