{"id":12468,"date":"2025-07-01T09:27:11","date_gmt":"2025-07-01T12:27:11","guid":{"rendered":"https:\/\/fullatacados.com.br\/index.php\/produto\/kit-cilindro-tit160-m-leve\/"},"modified":"2026-05-14T01:10:06","modified_gmt":"2026-05-14T04:10:06","slug":"kit-cilindro-tit160-m-leve","status":"publish","type":"product","link":"https:\/\/fullatacados.com.br\/index.php\/produto\/kit-cilindro-tit160-m-leve\/","title":{"rendered":"KIT CILINDRO TIT160 M LEVE"},"content":{"rendered":"<p><span class=\"relative -mx-px my-[-0.2rem] rounded px-px py-[0.2rem] transition-colors duration-100 ease-in-out\">O Kit Motor Metal\u202fLeve K\u20119825, fabricado pela Mahle, \u00e9 especialmente projetado para motos Honda de 160\u202fcc (CG Titan, Fan, Start e NXR\/Bros 160). Acompanha cilindro em medida STD (padr\u00e3o), pist\u00e3o, pino, trava e jogo de an\u00e9is, garantindo veda\u00e7\u00e3o de f\u00e1brica e desempenho de original. Ideal para restaurar compress\u00e3o, reduzir consumo e ru\u00eddo, al\u00e9m de revitalizar a resposta do motor usando pe\u00e7as de alta qualidade com instala\u00e7\u00e3o simples.<\/span><\/p>\n","protected":false},"excerpt":{"rendered":"<p data-start=\"284\" data-end=\"427\">Conjunto completo STD para restaurar motor da Titan\/Fan\/Start\/Bros 160 (2014\u2192): cilindro, pist\u00e3o, pino e an\u00e9is compat\u00edveis com padr\u00e3o original.<\/p>\n","protected":false},"featured_media":13166,"comment_status":"closed","ping_status":"closed","template":"","meta":{"_joinchat":[]},"product_brand":[207],"product_cat":[95,482],"product_tag":[],"class_list":{"0":"post-12468","1":"product","2":"type-product","3":"status-publish","4":"has-post-thumbnail","6":"product_brand-metal-leve","7":"product_cat-kit","8":"product_cat-moto-pecas","9":"product_shipping_class-envionormal","11":"first","12":"instock","13":"purchasable","14":"product-type-simple"},"_links":{"self":[{"href":"https:\/\/fullatacados.com.br\/index.php\/wp-json\/wp\/v2\/product\/12468","targetHints":{"allow":["GET"]}}],"collection":[{"href":"https:\/\/fullatacados.com.br\/index.php\/wp-json\/wp\/v2\/product"}],"about":[{"href":"https:\/\/fullatacados.com.br\/index.php\/wp-json\/wp\/v2\/types\/product"}],"replies":[{"embeddable":true,"href":"https:\/\/fullatacados.com.br\/index.php\/wp-json\/wp\/v2\/comments?post=12468"}],"wp:featuredmedia":[{"embeddable":true,"href":"https:\/\/fullatacados.com.br\/index.php\/wp-json\/wp\/v2\/media\/13166"}],"wp:attachment":[{"href":"https:\/\/fullatacados.com.br\/index.php\/wp-json\/wp\/v2\/media?parent=12468"}],"wp:term":[{"taxonomy":"product_brand","embeddable":true,"href":"https:\/\/fullatacados.com.br\/index.php\/wp-json\/wp\/v2\/product_brand?post=12468"},{"taxonomy":"product_cat","embeddable":true,"href":"https:\/\/fullatacados.com.br\/index.php\/wp-json\/wp\/v2\/product_cat?post=12468"},{"taxonomy":"product_tag","embeddable":true,"href":"https:\/\/fullatacados.com.br\/index.php\/wp-json\/wp\/v2\/product_tag?post=12468"}],"curies":[{"name":"wp","href":"https:\/\/api.w.org\/{rel}","templated":true}]}}