{"id":12467,"date":"2025-07-01T09:27:11","date_gmt":"2025-07-01T12:27:11","guid":{"rendered":"https:\/\/fullatacados.com.br\/index.php\/produto\/kit-cilindro-tit150-m-leve\/"},"modified":"2026-04-30T11:15:07","modified_gmt":"2026-04-30T14:15:07","slug":"kit-cilindro-tit150-m-leve","status":"publish","type":"product","link":"https:\/\/fullatacados.com.br\/index.php\/produto\/kit-cilindro-tit150-m-leve\/","title":{"rendered":"KIT CILINDRO TIT150 M LEVE"},"content":{"rendered":"<p><span class=\"relative -mx-px my-[-0.2rem] rounded px-px py-[0.2rem] transition-colors duration-100 ease-in-out\">O Kit Metal\u202fLeve K\u20119171 \u00e9 projetado para revitalizar motores de Honda CG\/Titan 150 (2004\u20132015), al\u00e9m de compatibilidade com Titan ESD, Fan e Bros 150. Inclui cilindro em medida original (STD), pist\u00e3o, pino, an\u00e9is de segmento e travas, garantindo excelente veda\u00e7\u00e3o, redu\u00e7\u00e3o de consumo e ru\u00eddo, al\u00e9m de retomada eficaz de compress\u00e3o. Ideal para manuten\u00e7\u00e3o pr\u00e1tica, sem necessidade de usinagem, seguindo padr\u00f5es OEM da Metal\u202fLeve\/Mahle<\/span><\/p>\n","protected":false},"excerpt":{"rendered":"<p data-start=\"283\" data-end=\"431\">Conjunto completo STD para Titan\/Fan\/Bros 150 (2004\u20132015): cilindro, pist\u00e3o, an\u00e9is, pino e travas \u2014 restaura\u00e7\u00e3o r\u00e1pida da performance com pe\u00e7as OEM.<\/p>\n","protected":false},"featured_media":13871,"comment_status":"closed","ping_status":"closed","template":"","meta":{"_joinchat":[]},"product_brand":[207],"product_cat":[95,482],"product_tag":[],"class_list":{"0":"post-12467","1":"product","2":"type-product","3":"status-publish","4":"has-post-thumbnail","6":"product_brand-metal-leve","7":"product_cat-kit","8":"product_cat-moto-pecas","9":"product_shipping_class-envionormal","11":"first","12":"instock","13":"purchasable","14":"product-type-simple"},"_links":{"self":[{"href":"https:\/\/fullatacados.com.br\/index.php\/wp-json\/wp\/v2\/product\/12467","targetHints":{"allow":["GET"]}}],"collection":[{"href":"https:\/\/fullatacados.com.br\/index.php\/wp-json\/wp\/v2\/product"}],"about":[{"href":"https:\/\/fullatacados.com.br\/index.php\/wp-json\/wp\/v2\/types\/product"}],"replies":[{"embeddable":true,"href":"https:\/\/fullatacados.com.br\/index.php\/wp-json\/wp\/v2\/comments?post=12467"}],"wp:featuredmedia":[{"embeddable":true,"href":"https:\/\/fullatacados.com.br\/index.php\/wp-json\/wp\/v2\/media\/13871"}],"wp:attachment":[{"href":"https:\/\/fullatacados.com.br\/index.php\/wp-json\/wp\/v2\/media?parent=12467"}],"wp:term":[{"taxonomy":"product_brand","embeddable":true,"href":"https:\/\/fullatacados.com.br\/index.php\/wp-json\/wp\/v2\/product_brand?post=12467"},{"taxonomy":"product_cat","embeddable":true,"href":"https:\/\/fullatacados.com.br\/index.php\/wp-json\/wp\/v2\/product_cat?post=12467"},{"taxonomy":"product_tag","embeddable":true,"href":"https:\/\/fullatacados.com.br\/index.php\/wp-json\/wp\/v2\/product_tag?post=12467"}],"curies":[{"name":"wp","href":"https:\/\/api.w.org\/{rel}","templated":true}]}}