{"id":12463,"date":"2025-07-01T09:27:11","date_gmt":"2025-07-01T12:27:11","guid":{"rendered":"https:\/\/fullatacados.com.br\/index.php\/produto\/kit-cilindro-cg-tit125-92-99-mod\/"},"modified":"2025-12-01T13:27:38","modified_gmt":"2025-12-01T16:27:38","slug":"kit-cilindro-cg-tit125-92-99-mod","status":"publish","type":"product","link":"https:\/\/fullatacados.com.br\/index.php\/produto\/kit-cilindro-cg-tit125-92-99-mod\/","title":{"rendered":"KIT CILINDRO CG\/TIT125 92\/99 MOD"},"content":{"rendered":"<p>O Kit Pit Stop TIT99 Mod. para TIT150 \u00e9 um conjunto de ret\u00edfica que revitaliza a parte superior do motor Honda CG Titan. Ele re\u00fane cilindro em liga de alum\u00ednio com camisa de a\u00e7o, pist\u00e3o fundido, an\u00e9is de segmento nitrurados, pino, travas e jogo de juntas, entregando padr\u00e3o original de f\u00e1brica. Projetado para a Titan 125 \u201999, adapta-se plug-and-play \u00e0 linha Titan 150, restaurando a compress\u00e3o, reduzindo o consumo de \u00f3leo e melhorando a resposta de acelera\u00e7\u00e3o, tudo com montagem r\u00e1pida e sem usinagem adicional.<\/p>\n","protected":false},"excerpt":{"rendered":"<p>Renove o motor da sua Titan com cilindro, pist\u00e3o e an\u00e9is OEM-fit que recuperam pot\u00eancia e confiabilidade em minutos.<\/p>\n","protected":false},"featured_media":13159,"comment_status":"closed","ping_status":"closed","template":"","meta":{"_joinchat":[]},"product_brand":[226],"product_cat":[95,482],"product_tag":[],"class_list":{"0":"post-12463","1":"product","2":"type-product","3":"status-publish","4":"has-post-thumbnail","6":"product_brand-control-flex","7":"product_cat-kit","8":"product_cat-moto-pecas","9":"product_shipping_class-envionormal","11":"first","12":"instock","13":"purchasable","14":"product-type-simple"},"_links":{"self":[{"href":"https:\/\/fullatacados.com.br\/index.php\/wp-json\/wp\/v2\/product\/12463","targetHints":{"allow":["GET"]}}],"collection":[{"href":"https:\/\/fullatacados.com.br\/index.php\/wp-json\/wp\/v2\/product"}],"about":[{"href":"https:\/\/fullatacados.com.br\/index.php\/wp-json\/wp\/v2\/types\/product"}],"replies":[{"embeddable":true,"href":"https:\/\/fullatacados.com.br\/index.php\/wp-json\/wp\/v2\/comments?post=12463"}],"wp:featuredmedia":[{"embeddable":true,"href":"https:\/\/fullatacados.com.br\/index.php\/wp-json\/wp\/v2\/media\/13159"}],"wp:attachment":[{"href":"https:\/\/fullatacados.com.br\/index.php\/wp-json\/wp\/v2\/media?parent=12463"}],"wp:term":[{"taxonomy":"product_brand","embeddable":true,"href":"https:\/\/fullatacados.com.br\/index.php\/wp-json\/wp\/v2\/product_brand?post=12463"},{"taxonomy":"product_cat","embeddable":true,"href":"https:\/\/fullatacados.com.br\/index.php\/wp-json\/wp\/v2\/product_cat?post=12463"},{"taxonomy":"product_tag","embeddable":true,"href":"https:\/\/fullatacados.com.br\/index.php\/wp-json\/wp\/v2\/product_tag?post=12463"}],"curies":[{"name":"wp","href":"https:\/\/api.w.org\/{rel}","templated":true}]}}